{"id":2714,"date":"2024-02-24T12:41:05","date_gmt":"2024-02-24T11:41:05","guid":{"rendered":"https:\/\/sentinelcms.com\/?page_id=2714"},"modified":"2024-02-24T12:41:05","modified_gmt":"2024-02-24T11:41:05","slug":"como-funciona","status":"publish","type":"page","link":"https:\/\/sentinelcms.com\/en\/como-funciona\/","title":{"rendered":"How does it work?"},"content":{"rendered":"<div data-elementor-type=\"wp-page\" data-elementor-id=\"2714\" class=\"elementor elementor-2714\" data-elementor-post-type=\"page\">\n\t\t\t\t<div class=\"elementor-element elementor-element-e8e00f1 e-flex e-con-boxed e-con e-parent\" data-id=\"e8e00f1\" data-element_type=\"container\" data-e-type=\"container\">\n\t\t\t\t\t<div class=\"e-con-inner\">\n\t\t\t\t<div class=\"elementor-element elementor-element-2ba66d2 elementor-widget elementor-widget-spacer\" data-id=\"2ba66d2\" data-element_type=\"widget\" data-e-type=\"widget\" data-widget_type=\"spacer.default\">\n\t\t\t\t<div class=\"elementor-widget-container\">\n\t\t\t\t\t\t\t<div class=\"elementor-spacer\">\n\t\t\t<div class=\"elementor-spacer-inner\"><\/div>\n\t\t<\/div>\n\t\t\t\t\t\t<\/div>\n\t\t\t\t<\/div>\n\t\t\t\t\t<\/div>\n\t\t\t\t<\/div>\n\t\t<div class=\"elementor-element elementor-element-35cc26b e-flex e-con-boxed e-con e-parent\" data-id=\"35cc26b\" data-element_type=\"container\" data-e-type=\"container\">\n\t\t\t\t\t<div class=\"e-con-inner\">\n\t\t\t\t<div class=\"elementor-element elementor-element-6264022 elementor-widget elementor-widget-heading\" data-id=\"6264022\" data-element_type=\"widget\" data-e-type=\"widget\" data-widget_type=\"heading.default\">\n\t\t\t\t<div class=\"elementor-widget-container\">\n\t\t\t\t\t<h2 class=\"elementor-heading-title elementor-size-default\">How does it work?<\/h2>\t\t\t\t<\/div>\n\t\t\t\t<\/div>\n\t\t\t\t\t<\/div>\n\t\t\t\t<\/div>\n\t\t<div class=\"elementor-element elementor-element-2dbc72c e-flex e-con-boxed e-con e-parent\" data-id=\"2dbc72c\" data-element_type=\"container\" data-e-type=\"container\">\n\t\t\t\t\t<div class=\"e-con-inner\">\n\t\t\t\t<div class=\"elementor-element elementor-element-d7b9cba elementor-widget elementor-widget-heading\" data-id=\"d7b9cba\" data-element_type=\"widget\" data-e-type=\"widget\" data-widget_type=\"heading.default\">\n\t\t\t\t<div class=\"elementor-widget-container\">\n\t\t\t\t\t<p class=\"elementor-heading-title elementor-size-medium\">We are still in the development phase; we hope you understand that this is why we cannot reveal many details yet, but we expect that what we are about to tell you will encourage you to stay tuned for what we will be publishing.<\/p>\t\t\t\t<\/div>\n\t\t\t\t<\/div>\n\t\t\t\t<div class=\"elementor-element elementor-element-46737c5 elementor-widget elementor-widget-spacer\" data-id=\"46737c5\" data-element_type=\"widget\" data-e-type=\"widget\" data-widget_type=\"spacer.default\">\n\t\t\t\t<div class=\"elementor-widget-container\">\n\t\t\t\t\t\t\t<div class=\"elementor-spacer\">\n\t\t\t<div class=\"elementor-spacer-inner\"><\/div>\n\t\t<\/div>\n\t\t\t\t\t\t<\/div>\n\t\t\t\t<\/div>\n\t\t\t\t\t<\/div>\n\t\t\t\t<\/div>\n\t\t<div class=\"elementor-element elementor-element-27c2083 e-grid e-con-boxed e-con e-parent\" data-id=\"27c2083\" data-element_type=\"container\" data-e-type=\"container\">\n\t\t\t\t\t<div class=\"e-con-inner\">\n\t\t<div class=\"elementor-element elementor-element-2290062 e-grid e-con-boxed e-con e-child\" data-id=\"2290062\" data-element_type=\"container\" data-e-type=\"container\">\n\t\t\t\t\t<div class=\"e-con-inner\">\n\t\t\t\t<div class=\"elementor-element elementor-element-a3d8995 elementor-widget elementor-widget-image\" data-id=\"a3d8995\" data-element_type=\"widget\" data-e-type=\"widget\" data-widget_type=\"image.default\">\n\t\t\t\t<div class=\"elementor-widget-container\">\n\t\t\t\t\t\t\t\t\t\t\t\t\t\t\t<img fetchpriority=\"high\" decoding=\"async\" width=\"800\" height=\"800\" src=\"https:\/\/sentinelcms.com\/wp-content\/uploads\/2024\/02\/b60363df-a657-41f5-936d-aa759a3af8de.jpeg\" class=\"attachment-large size-large wp-image-2728\" alt=\"\" srcset=\"https:\/\/sentinelcms.com\/wp-content\/uploads\/2024\/02\/b60363df-a657-41f5-936d-aa759a3af8de.jpeg 1024w, https:\/\/sentinelcms.com\/wp-content\/uploads\/2024\/02\/b60363df-a657-41f5-936d-aa759a3af8de-300x300.jpeg 300w, https:\/\/sentinelcms.com\/wp-content\/uploads\/2024\/02\/b60363df-a657-41f5-936d-aa759a3af8de-150x150.jpeg 150w, https:\/\/sentinelcms.com\/wp-content\/uploads\/2024\/02\/b60363df-a657-41f5-936d-aa759a3af8de-768x768.jpeg 768w, https:\/\/sentinelcms.com\/wp-content\/uploads\/2024\/02\/b60363df-a657-41f5-936d-aa759a3af8de-12x12.jpeg 12w\" sizes=\"(max-width: 800px) 100vw, 800px\" \/>\t\t\t\t\t\t\t\t\t\t\t\t\t\t\t<\/div>\n\t\t\t\t<\/div>\n\t\t\t\t\t<\/div>\n\t\t\t\t<\/div>\n\t\t<div class=\"elementor-element elementor-element-c727881 e-flex e-con-boxed e-con e-child\" data-id=\"c727881\" data-element_type=\"container\" data-e-type=\"container\">\n\t\t\t\t\t<div class=\"e-con-inner\">\n\t\t<div class=\"elementor-element elementor-element-c388f0b e-flex e-con-boxed e-con e-child\" data-id=\"c388f0b\" data-element_type=\"container\" data-e-type=\"container\">\n\t\t\t\t\t<div class=\"e-con-inner\">\n\t\t\t\t<div class=\"elementor-element elementor-element-ce48d31 elementor-widget elementor-widget-heading\" data-id=\"ce48d31\" data-element_type=\"widget\" data-e-type=\"widget\" data-widget_type=\"heading.default\">\n\t\t\t\t<div class=\"elementor-widget-container\">\n\t\t\t\t\t<h3 class=\"elementor-heading-title elementor-size-default\">Everything falls into place<\/h3>\t\t\t\t<\/div>\n\t\t\t\t<\/div>\n\t\t\t\t<div class=\"elementor-element elementor-element-539d369 elementor-widget elementor-widget-heading\" data-id=\"539d369\" data-element_type=\"widget\" data-e-type=\"widget\" data-widget_type=\"heading.default\">\n\t\t\t\t<div class=\"elementor-widget-container\">\n\t\t\t\t\t<p class=\"elementor-heading-title elementor-size-medium\">Thanks to direct contact with construction specialists, we can offer solutions extremely tailored to the needs of the industry. It's the closest thing to custom software without breaking the bank. Furthermore, all tools are integrated with each other and draw from the data flow for optimized performance. You can gradually add custom features as needed, knowing they will communicate seamlessly.<\/p>\t\t\t\t<\/div>\n\t\t\t\t<\/div>\n\t\t\t\t\t<\/div>\n\t\t\t\t<\/div>\n\t\t<div class=\"elementor-element elementor-element-ab74e7b e-flex e-con-boxed e-con e-child\" data-id=\"ab74e7b\" data-element_type=\"container\" data-e-type=\"container\">\n\t\t\t\t\t<div class=\"e-con-inner\">\n\t\t\t\t<div class=\"elementor-element elementor-element-c837c46 elementor-widget elementor-widget-heading\" data-id=\"c837c46\" data-element_type=\"widget\" data-e-type=\"widget\" data-widget_type=\"heading.default\">\n\t\t\t\t<div class=\"elementor-widget-container\">\n\t\t\t\t\t<h3 class=\"elementor-heading-title elementor-size-default\">Pay for what you use<\/h3>\t\t\t\t<\/div>\n\t\t\t\t<\/div>\n\t\t\t\t<div class=\"elementor-element elementor-element-7d7af3d elementor-widget elementor-widget-heading\" data-id=\"7d7af3d\" data-element_type=\"widget\" data-e-type=\"widget\" data-widget_type=\"heading.default\">\n\t\t\t\t<div class=\"elementor-widget-container\">\n\t\t\t\t\t<p class=\"elementor-heading-title elementor-size-medium\">We want to offer you the features you need. Neither more nor less. Therefore, our business model is based on subscription-based software (similar to Netflix or Spotify). Although our tool portfolio will be limited at first, we hope to soon provide you with more individual options to choose from, as well as packages that offer savings.<\/p>\t\t\t\t<\/div>\n\t\t\t\t<\/div>\n\t\t\t\t<div class=\"elementor-element elementor-element-cd67774 elementor-widget elementor-widget-heading\" data-id=\"cd67774\" data-element_type=\"widget\" data-e-type=\"widget\" data-widget_type=\"heading.default\">\n\t\t\t\t<div class=\"elementor-widget-container\">\n\t\t\t\t\t<p class=\"elementor-heading-title elementor-size-medium\">We are prioritizing the solutions that professionals in the industry are demanding. If you haven't participated in our survey yet, you can do so in the link below. It's completely anonymous and won't take more than two minutes.<\/p>\t\t\t\t<\/div>\n\t\t\t\t<\/div>\n\t\t<div class=\"elementor-element elementor-element-ced1cda e-flex e-con-boxed e-con e-child\" data-id=\"ced1cda\" data-element_type=\"container\" data-e-type=\"container\">\n\t\t\t\t\t<div class=\"e-con-inner\">\n\t\t\t\t<div class=\"elementor-element elementor-element-9d97309 elementor-align-justify elementor-widget__width-auto elementor-widget elementor-widget-button\" data-id=\"9d97309\" data-element_type=\"widget\" data-e-type=\"widget\" data-widget_type=\"button.default\">\n\t\t\t\t<div class=\"elementor-widget-container\">\n\t\t\t\t\t\t\t\t\t<div class=\"elementor-button-wrapper\">\n\t\t\t\t\t<a class=\"elementor-button elementor-button-link elementor-size-md\" href=\"https:\/\/forms.gle\/L53CRWv5rgbvDdpx5\" target=\"_blank\">\n\t\t\t\t\t\t<span class=\"elementor-button-content-wrapper\">\n\t\t\t\t\t\t\t\t\t<span class=\"elementor-button-text\">I want to participate in the survey<\/span>\n\t\t\t\t\t<\/span>\n\t\t\t\t\t<\/a>\n\t\t\t\t<\/div>\n\t\t\t\t\t\t\t\t<\/div>\n\t\t\t\t<\/div>\n\t\t\t\t\t<\/div>\n\t\t\t\t<\/div>\n\t\t\t\t\t<\/div>\n\t\t\t\t<\/div>\n\t\t\t\t\t<\/div>\n\t\t\t\t<\/div>\n\t\t\t\t\t<\/div>\n\t\t\t\t<\/div>\n\t\t<div class=\"elementor-element elementor-element-a214529 e-flex e-con-boxed e-con e-parent\" data-id=\"a214529\" data-element_type=\"container\" data-e-type=\"container\">\n\t\t\t\t\t<div class=\"e-con-inner\">\n\t\t\t\t<div class=\"elementor-element elementor-element-732bd1f elementor-widget elementor-widget-spacer\" data-id=\"732bd1f\" data-element_type=\"widget\" data-e-type=\"widget\" data-widget_type=\"spacer.default\">\n\t\t\t\t<div class=\"elementor-widget-container\">\n\t\t\t\t\t\t\t<div class=\"elementor-spacer\">\n\t\t\t<div class=\"elementor-spacer-inner\"><\/div>\n\t\t<\/div>\n\t\t\t\t\t\t<\/div>\n\t\t\t\t<\/div>\n\t\t\t\t\t<\/div>\n\t\t\t\t<\/div>\n\t\t\t\t<\/div>","protected":false},"excerpt":{"rendered":"<p>\u00bfC\u00f3mo funciona? A\u00fan estamos en fase de desarrollo; esperamos que entiendas que es por ello por lo que a\u00fan no podemos desvelarte muchos detalles, pero esperamos que lo que te vamos a contar sirva para que quieras estar pendiente de lo que vayamos publicando. Todo encaja Gracias al contacto directo con especialistas de la construcci\u00f3n [&hellip;]<\/p>\n","protected":false},"author":1,"featured_media":0,"parent":0,"menu_order":0,"comment_status":"closed","ping_status":"closed","template":"","meta":{"_mo_disable_npp":"","footnotes":""},"class_list":["post-2714","page","type-page","status-publish","hentry"],"_links":{"self":[{"href":"https:\/\/sentinelcms.com\/en\/wp-json\/wp\/v2\/pages\/2714","targetHints":{"allow":["GET"]}}],"collection":[{"href":"https:\/\/sentinelcms.com\/en\/wp-json\/wp\/v2\/pages"}],"about":[{"href":"https:\/\/sentinelcms.com\/en\/wp-json\/wp\/v2\/types\/page"}],"author":[{"embeddable":true,"href":"https:\/\/sentinelcms.com\/en\/wp-json\/wp\/v2\/users\/1"}],"replies":[{"embeddable":true,"href":"https:\/\/sentinelcms.com\/en\/wp-json\/wp\/v2\/comments?post=2714"}],"version-history":[{"count":31,"href":"https:\/\/sentinelcms.com\/en\/wp-json\/wp\/v2\/pages\/2714\/revisions"}],"predecessor-version":[{"id":2746,"href":"https:\/\/sentinelcms.com\/en\/wp-json\/wp\/v2\/pages\/2714\/revisions\/2746"}],"wp:attachment":[{"href":"https:\/\/sentinelcms.com\/en\/wp-json\/wp\/v2\/media?parent=2714"}],"curies":[{"name":"wp","href":"https:\/\/api.w.org\/{rel}","templated":true}]}}