{"id":2690,"date":"2024-02-24T12:43:02","date_gmt":"2024-02-24T11:43:02","guid":{"rendered":"https:\/\/sentinelcms.com\/?page_id=2690"},"modified":"2024-02-25T21:20:27","modified_gmt":"2024-02-25T20:20:27","slug":"about","status":"publish","type":"page","link":"https:\/\/sentinelcms.com\/en\/about\/","title":{"rendered":"We are Sentinel"},"content":{"rendered":"\t\t<div data-elementor-type=\"wp-page\" data-elementor-id=\"2690\" class=\"elementor elementor-2690\" data-elementor-post-type=\"page\">\n\t\t\t\t<div class=\"elementor-element elementor-element-08620ea e-flex e-con-boxed e-con e-parent\" data-id=\"08620ea\" data-element_type=\"container\" data-e-type=\"container\">\n\t\t\t\t\t<div class=\"e-con-inner\">\n\t\t\t\t<div class=\"elementor-element elementor-element-c91a0f6 elementor-widget elementor-widget-spacer\" data-id=\"c91a0f6\" data-element_type=\"widget\" data-e-type=\"widget\" data-widget_type=\"spacer.default\">\n\t\t\t\t<div class=\"elementor-widget-container\">\n\t\t\t\t\t\t\t<div class=\"elementor-spacer\">\n\t\t\t<div class=\"elementor-spacer-inner\"><\/div>\n\t\t<\/div>\n\t\t\t\t\t\t<\/div>\n\t\t\t\t<\/div>\n\t\t\t\t\t<\/div>\n\t\t\t\t<\/div>\n\t\t<div class=\"elementor-element elementor-element-62e99f2 e-flex e-con-boxed e-con e-parent\" data-id=\"62e99f2\" data-element_type=\"container\" data-e-type=\"container\">\n\t\t\t\t\t<div class=\"e-con-inner\">\n\t\t\t\t<div class=\"elementor-element elementor-element-af52bde elementor-widget elementor-widget-heading\" data-id=\"af52bde\" data-element_type=\"widget\" data-e-type=\"widget\" data-widget_type=\"heading.default\">\n\t\t\t\t<div class=\"elementor-widget-container\">\n\t\t\t\t\t<h2 class=\"elementor-heading-title elementor-size-default\">Somos Sentinel<\/h2>\t\t\t\t<\/div>\n\t\t\t\t<\/div>\n\t\t\t\t\t<\/div>\n\t\t\t\t<\/div>\n\t\t<div class=\"elementor-element elementor-element-bb7d2fe e-flex e-con-boxed e-con e-parent\" data-id=\"bb7d2fe\" data-element_type=\"container\" data-e-type=\"container\">\n\t\t\t\t\t<div class=\"e-con-inner\">\n\t\t\t\t<div class=\"elementor-element elementor-element-5649581 elementor-widget elementor-widget-heading\" data-id=\"5649581\" data-element_type=\"widget\" data-e-type=\"widget\" data-widget_type=\"heading.default\">\n\t\t\t\t<div class=\"elementor-widget-container\">\n\t\t\t\t\t<p class=\"elementor-heading-title elementor-size-medium\">Si has llegado hasta aqu\u00ed es probable que sea porque te preguntes: \"Vale, pero \u00bfde d\u00f3nde sale esta gente? <\/p>\t\t\t\t<\/div>\n\t\t\t\t<\/div>\n\t\t\t\t<div class=\"elementor-element elementor-element-9836dae elementor-widget elementor-widget-heading\" data-id=\"9836dae\" data-element_type=\"widget\" data-e-type=\"widget\" data-widget_type=\"heading.default\">\n\t\t\t\t<div class=\"elementor-widget-container\">\n\t\t\t\t\t<h3 class=\"elementor-heading-title elementor-size-default\">Ok, os contamos<\/h3>\t\t\t\t<\/div>\n\t\t\t\t<\/div>\n\t\t\t\t<div class=\"elementor-element elementor-element-dc7d751 elementor-widget elementor-widget-heading\" data-id=\"dc7d751\" data-element_type=\"widget\" data-e-type=\"widget\" data-widget_type=\"heading.default\">\n\t\t\t\t<div class=\"elementor-widget-container\">\n\t\t\t\t\t<p class=\"elementor-heading-title elementor-size-medium\">Como suele pasar con todas estas cosas, Sentinel nace de la experiencia. De las malas experiencias, para ser exactos. 2018, uno de nuestros fundadores trabaja como Ayudante de Jefe de Obra para una constructora en un proyecto en el centro de Madrid. Entre sus funciones, anotar a mano las horas trabajadas por cada obrero presente en el proyecto. \"Tiene que haber una manera m\u00e1s \u00e1gil y sencilla de gestionar estas tareas\", pens\u00f3.<\/p>\t\t\t\t<\/div>\n\t\t\t\t<\/div>\n\t\t\t\t<div class=\"elementor-element elementor-element-1e26715 elementor-widget elementor-widget-heading\" data-id=\"1e26715\" data-element_type=\"widget\" data-e-type=\"widget\" data-widget_type=\"heading.default\">\n\t\t\t\t<div class=\"elementor-widget-container\">\n\t\t\t\t\t<p class=\"elementor-heading-title elementor-size-medium\">El primer paso fue realizar un primer esbozo de Sentinel para un Trabajo Fin de M\u00e1ster, y el tribunal fue un\u00e1nime: hay necesidad de soluciones as\u00ed en el sector. Pues no se hable m\u00e1s. Desde ese momento se empez\u00f3 a fraguar de qu\u00e9 manera se pod\u00eda dar soluci\u00f3n.<\/p>\t\t\t\t<\/div>\n\t\t\t\t<\/div>\n\t\t\t\t<div class=\"elementor-element elementor-element-abea1cf elementor-widget elementor-widget-heading\" data-id=\"abea1cf\" data-element_type=\"widget\" data-e-type=\"widget\" data-widget_type=\"heading.default\">\n\t\t\t\t<div class=\"elementor-widget-container\">\n\t\t\t\t\t<p class=\"elementor-heading-title elementor-size-medium\">El segundo paso sucedi\u00f3 en febrero de 2020. En una conversaci\u00f3n con otros dos amigos, aparejadores tambi\u00e9n (o arquitectos t\u00e9cnicos, como quieras llamarlo), comiendo en un japon\u00e9s, fueron saliendo carencias en las herramientas y metodolog\u00edas aplicadas en el proceso constructivo. Ventajas de trabajar en empresas completamente distintas dentro de la construcci\u00f3n. A d\u00eda de hoy, los involucrados en este proyecto sumamos m\u00e1s de 30 a\u00f1os de experiencia entre ingenier\u00edas, project managements, constructoras y fabricantes para el sector inmobiliario, lo que nos brinda una visi\u00f3n bastante amplia del sector. Pero no es suficiente.<\/p>\t\t\t\t<\/div>\n\t\t\t\t<\/div>\n\t\t\t\t<div class=\"elementor-element elementor-element-f9aad7a elementor-widget elementor-widget-heading\" data-id=\"f9aad7a\" data-element_type=\"widget\" data-e-type=\"widget\" data-widget_type=\"heading.default\">\n\t\t\t\t<div class=\"elementor-widget-container\">\n\t\t\t\t\t<p class=\"elementor-heading-title elementor-size-medium\">La bola de nieve ha ido creciendo. Se ha consultado a m\u00e1s compa\u00f1eros cercanos del sector y se han ido ideando m\u00e1s funcionalidades, contando actualmente con m\u00e1s de 15 en nuestro portfolio. Pero no pretendemos volar sin antes aprender a caminar. Por eso hemos preparado nuestra encuesta. Queremos conocer las necesidades y carencias de profesionales como nosotros para, de todas las que tenemos preparadas, decidir cu\u00e1les encontr\u00e1is m\u00e1s urgentes y que sean nuestra puesta de largo.<\/p>\t\t\t\t<\/div>\n\t\t\t\t<\/div>\n\t\t\t\t<div class=\"elementor-element elementor-element-ce45df9 elementor-widget elementor-widget-spacer\" data-id=\"ce45df9\" data-element_type=\"widget\" data-e-type=\"widget\" data-widget_type=\"spacer.default\">\n\t\t\t\t<div class=\"elementor-widget-container\">\n\t\t\t\t\t\t\t<div class=\"elementor-spacer\">\n\t\t\t<div class=\"elementor-spacer-inner\"><\/div>\n\t\t<\/div>\n\t\t\t\t\t\t<\/div>\n\t\t\t\t<\/div>\n\t\t\t\t<div class=\"elementor-element elementor-element-23a62ce elementor-widget elementor-widget-heading\" data-id=\"23a62ce\" data-element_type=\"widget\" data-e-type=\"widget\" data-widget_type=\"heading.default\">\n\t\t\t\t<div class=\"elementor-widget-container\">\n\t\t\t\t\t<h3 class=\"elementor-heading-title elementor-size-default\">Misi\u00f3n<\/h3>\t\t\t\t<\/div>\n\t\t\t\t<\/div>\n\t\t\t\t<div class=\"elementor-element elementor-element-29ee615 elementor-widget elementor-widget-heading\" data-id=\"29ee615\" data-element_type=\"widget\" data-e-type=\"widget\" data-widget_type=\"heading.default\">\n\t\t\t\t<div class=\"elementor-widget-container\">\n\t\t\t\t\t<p class=\"elementor-heading-title elementor-size-medium\">Nuestra misi\u00f3n principal es la de ofrecer a los profesionales de la construcci\u00f3n herramientas que les permitan entender mejor los proyectos en los que se involucren, teniendo un mayor control de los elementos que en ellos influyen para as\u00ed tomar decisiones de la manera m\u00e1s fundamentada posible, maximizando sus recursos y eficiencia y, por tanto, sus beneficios.<\/p>\t\t\t\t<\/div>\n\t\t\t\t<\/div>\n\t\t\t\t<div class=\"elementor-element elementor-element-59296e1 elementor-widget elementor-widget-heading\" data-id=\"59296e1\" data-element_type=\"widget\" data-e-type=\"widget\" data-widget_type=\"heading.default\">\n\t\t\t\t<div class=\"elementor-widget-container\">\n\t\t\t\t\t<h3 class=\"elementor-heading-title elementor-size-default\">Visi\u00f3n<\/h3>\t\t\t\t<\/div>\n\t\t\t\t<\/div>\n\t\t\t\t<div class=\"elementor-element elementor-element-a55fe72 elementor-widget elementor-widget-heading\" data-id=\"a55fe72\" data-element_type=\"widget\" data-e-type=\"widget\" data-widget_type=\"heading.default\">\n\t\t\t\t<div class=\"elementor-widget-container\">\n\t\t\t\t\t<p class=\"elementor-heading-title elementor-size-medium\">Creatividad e innovaci\u00f3n forman parte de nuestro ADN, y es por ello que en Sentinel aspiramos a ser referentes a nivel internacional en lo que a herramientas de gesti\u00f3n de la construcci\u00f3n se refiere.<\/p>\t\t\t\t<\/div>\n\t\t\t\t<\/div>\n\t\t\t\t<div class=\"elementor-element elementor-element-1e9c64b elementor-widget elementor-widget-heading\" data-id=\"1e9c64b\" data-element_type=\"widget\" data-e-type=\"widget\" data-widget_type=\"heading.default\">\n\t\t\t\t<div class=\"elementor-widget-container\">\n\t\t\t\t\t<p class=\"elementor-heading-title elementor-size-medium\">Teniendo en cuenta los distintos perfiles que har\u00e1n uso de nuestras herramientas, las interfaces se han dise\u00f1ado para ser lo m\u00e1s simples e intuitivas posible, aplanando la curva de aprendizaje y facilitando el uso diario.<\/p>\t\t\t\t<\/div>\n\t\t\t\t<\/div>\n\t\t\t\t<div class=\"elementor-element elementor-element-3883b46 elementor-widget elementor-widget-heading\" data-id=\"3883b46\" data-element_type=\"widget\" data-e-type=\"widget\" data-widget_type=\"heading.default\">\n\t\t\t\t<div class=\"elementor-widget-container\">\n\t\t\t\t\t<p class=\"elementor-heading-title elementor-size-medium\">No solo aspiramos a nuestro beneficio corporativo, sino tambi\u00e9n al de aquellas empresas con presencia en Sentinel CMS que hagan las cosas bien. Los profesionales con buenas referencias de sus clientes y colaboradores contar\u00e1n con una mejor reputaci\u00f3n de car a futuros trabajos. Queremos apoyar y premiar el trabajo bien hecho.<\/p>\t\t\t\t<\/div>\n\t\t\t\t<\/div>\n\t\t\t\t<div class=\"elementor-element elementor-element-0a63e15 elementor-widget elementor-widget-heading\" data-id=\"0a63e15\" data-element_type=\"widget\" data-e-type=\"widget\" data-widget_type=\"heading.default\">\n\t\t\t\t<div class=\"elementor-widget-container\">\n\t\t\t\t\t<h3 class=\"elementor-heading-title elementor-size-default\">Valores<\/h3>\t\t\t\t<\/div>\n\t\t\t\t<\/div>\n\t\t\t\t<div class=\"elementor-element elementor-element-b4a8f53 elementor-widget elementor-widget-heading\" data-id=\"b4a8f53\" data-element_type=\"widget\" data-e-type=\"widget\" data-widget_type=\"heading.default\">\n\t\t\t\t<div class=\"elementor-widget-container\">\n\t\t\t\t\t<p class=\"elementor-heading-title elementor-size-medium\">Nuestras m\u00e1ximas ser\u00e1n la honestidad y la transparencia, siendo una compa\u00f1\u00eda que basa su actividad en los datos no podr\u00eda ser de otra manera.<\/p>\t\t\t\t<\/div>\n\t\t\t\t<\/div>\n\t\t\t\t<div class=\"elementor-element elementor-element-7601489 elementor-widget elementor-widget-heading\" data-id=\"7601489\" data-element_type=\"widget\" data-e-type=\"widget\" data-widget_type=\"heading.default\">\n\t\t\t\t<div class=\"elementor-widget-container\">\n\t\t\t\t\t<p class=\"elementor-heading-title elementor-size-medium\">El compromiso no solo debe ser con los clientes y usuarios, sino tambi\u00e9n con los profesionales que conforman Sentinel. Promovemos medidas que garanticen un estilo de vida saludable de nuestro equipo humano, como horario flexible para facilitar la conciliaci\u00f3n con la vida personal.<\/p>\t\t\t\t<\/div>\n\t\t\t\t<\/div>\n\t\t\t\t<div class=\"elementor-element elementor-element-1684e2f elementor-widget elementor-widget-heading\" data-id=\"1684e2f\" data-element_type=\"widget\" data-e-type=\"widget\" data-widget_type=\"heading.default\">\n\t\t\t\t<div class=\"elementor-widget-container\">\n\t\t\t\t\t<p class=\"elementor-heading-title elementor-size-medium\">Como se ha mencionado en nuestra misi\u00f3n, queremos establecer un compromiso con el medio ambiente, pero no solo a trav\u00e9s de la reducci\u00f3n del impacto de nuestros usuarios, sino el nuestro propio como compa\u00f1\u00eda, persiguiendo una huella de carbono neutra o, incluso, negativa, mediante la optimizaci\u00f3n de nuestros propios recursos. Queremos aportar a un mundo mejor.\n<\/p>\t\t\t\t<\/div>\n\t\t\t\t<\/div>\n\t\t\t\t<div class=\"elementor-element elementor-element-4e624c2 elementor-widget elementor-widget-spacer\" data-id=\"4e624c2\" data-element_type=\"widget\" data-e-type=\"widget\" data-widget_type=\"spacer.default\">\n\t\t\t\t<div class=\"elementor-widget-container\">\n\t\t\t\t\t\t\t<div class=\"elementor-spacer\">\n\t\t\t<div class=\"elementor-spacer-inner\"><\/div>\n\t\t<\/div>\n\t\t\t\t\t\t<\/div>\n\t\t\t\t<\/div>\n\t\t\t\t<div class=\"elementor-element elementor-element-9c5303c elementor-widget elementor-widget-heading\" data-id=\"9c5303c\" data-element_type=\"widget\" data-e-type=\"widget\" data-widget_type=\"heading.default\">\n\t\t\t\t<div class=\"elementor-widget-container\">\n\t\t\t\t\t<h3 class=\"elementor-heading-title elementor-size-default\">\u00bfQu\u00e9? \u00bfTe apuntas?<\/h3>\t\t\t\t<\/div>\n\t\t\t\t<\/div>\n\t\t<div class=\"elementor-element elementor-element-6a7d4b3 e-flex e-con-boxed e-con e-child\" data-id=\"6a7d4b3\" data-element_type=\"container\" data-e-type=\"container\">\n\t\t\t\t\t<div class=\"e-con-inner\">\n\t\t\t\t<div class=\"elementor-element elementor-element-91e8824 elementor-button-align-stretch elementor-widget elementor-widget-form\" data-id=\"91e8824\" data-element_type=\"widget\" data-e-type=\"widget\" data-settings=\"{&quot;step_next_label&quot;:&quot;Next&quot;,&quot;step_previous_label&quot;:&quot;Previous&quot;,&quot;button_width&quot;:&quot;100&quot;,&quot;step_type&quot;:&quot;number_text&quot;,&quot;step_icon_shape&quot;:&quot;circle&quot;}\" data-widget_type=\"form.default\">\n\t\t\t\t<div class=\"elementor-widget-container\">\n\t\t\t\t\t\t\t<form class=\"elementor-form\" method=\"post\" name=\"New Form\" aria-label=\"New Form\">\n\t\t\t<input type=\"hidden\" name=\"post_id\" value=\"2690\"\/>\n\t\t\t<input type=\"hidden\" name=\"form_id\" value=\"91e8824\"\/>\n\t\t\t<input type=\"hidden\" name=\"referer_title\" value=\"Somos Sentinel\" \/>\n\n\t\t\t\t\t\t\t<input type=\"hidden\" name=\"queried_id\" value=\"2690\"\/>\n\t\t\t\n\t\t\t<div class=\"elementor-form-fields-wrapper elementor-labels-\">\n\t\t\t\t\t\t\t\t<div class=\"elementor-field-type-text elementor-field-group elementor-column elementor-field-group-name elementor-col-50 elementor-field-required\">\n\t\t\t\t\t\t\t\t\t\t\t\t<label for=\"form-field-name\" class=\"elementor-field-label elementor-screen-only\">\n\t\t\t\t\t\t\t\tNombre\t\t\t\t\t\t\t<\/label>\n\t\t\t\t\t\t\t\t\t\t\t\t\t\t<input size=\"1\" type=\"text\" name=\"form_fields[name]\" id=\"form-field-name\" class=\"elementor-field elementor-size-md  elementor-field-textual\" placeholder=\"Nombre\" required=\"required\">\n\t\t\t\t\t\t\t\t\t\t\t<\/div>\n\t\t\t\t\t\t\t\t<div class=\"elementor-field-type-text elementor-field-group elementor-column elementor-field-group-field_c0abbc7 elementor-col-50 elementor-field-required\">\n\t\t\t\t\t\t\t\t\t\t\t\t<label for=\"form-field-field_c0abbc7\" class=\"elementor-field-label elementor-screen-only\">\n\t\t\t\t\t\t\t\tApellido\t\t\t\t\t\t\t<\/label>\n\t\t\t\t\t\t\t\t\t\t\t\t\t\t<input size=\"1\" type=\"text\" name=\"form_fields[field_c0abbc7]\" id=\"form-field-field_c0abbc7\" class=\"elementor-field elementor-size-md  elementor-field-textual\" placeholder=\"Apellido\" required=\"required\">\n\t\t\t\t\t\t\t\t\t\t\t<\/div>\n\t\t\t\t\t\t\t\t<div class=\"elementor-field-type-email elementor-field-group elementor-column elementor-field-group-email elementor-col-100 elementor-field-required\">\n\t\t\t\t\t\t\t\t\t\t\t\t<label for=\"form-field-email\" class=\"elementor-field-label elementor-screen-only\">\n\t\t\t\t\t\t\t\tEmail\t\t\t\t\t\t\t<\/label>\n\t\t\t\t\t\t\t\t\t\t\t\t\t\t<input size=\"1\" type=\"email\" name=\"form_fields[email]\" id=\"form-field-email\" class=\"elementor-field elementor-size-md  elementor-field-textual\" placeholder=\"Email\" required=\"required\">\n\t\t\t\t\t\t\t\t\t\t\t<\/div>\n\t\t\t\t\t\t\t\t<div class=\"elementor-field-type-acceptance elementor-field-group elementor-column elementor-field-group-field_4919ba2 elementor-col-100 elementor-field-required\">\n\t\t\t\t\t\t\t\t\t\t\t\t<label for=\"form-field-field_4919ba2\" class=\"elementor-field-label elementor-screen-only\">\n\t\t\t\t\t\t\t\tConsentimiento\t\t\t\t\t\t\t<\/label>\n\t\t\t\t\t\t\t\t<div class=\"elementor-field-subgroup\">\n\t\t\t<span class=\"elementor-field-option\">\n\t\t\t\t<input type=\"checkbox\" name=\"form_fields[field_4919ba2]\" id=\"form-field-field_4919ba2\" class=\"elementor-field elementor-size-md  elementor-acceptance-field\" required=\"required\" checked=\"checked\">\n\t\t\t\t<label for=\"form-field-field_4919ba2\">He le\u00eddo toda vuestra <a href=\"https:\/\/www.sentinelcms.com\/privacy\/\" target=\"_blank\">Pol\u00edtica de Privacidad<\/a> y estoy de acuerdo con el tratamiento de mis datos que en ella se refleja.<\/label>\t\t\t<\/span>\n\t\t<\/div>\n\t\t\t\t\t\t<\/div>\n\t\t\t\t\t\t\t\t<div class=\"elementor-field-group elementor-column elementor-field-type-submit elementor-col-100 e-form__buttons\">\n\t\t\t\t\t<button class=\"elementor-button elementor-size-md\" type=\"submit\">\n\t\t\t\t\t\t<span class=\"elementor-button-content-wrapper\">\n\t\t\t\t\t\t\t\t\t\t\t\t\t\t\t\t\t\t\t\t\t\t<span class=\"elementor-button-text\">\u00a1Ap\u00fantame!<\/span>\n\t\t\t\t\t\t\t\t\t\t\t\t\t<\/span>\n\t\t\t\t\t<\/button>\n\t\t\t\t<\/div>\n\t\t\t<\/div>\n\t\t<\/form>\n\t\t\t\t\t\t<\/div>\n\t\t\t\t<\/div>\n\t\t\t\t\t<\/div>\n\t\t\t\t<\/div>\n\t\t\t\t\t<\/div>\n\t\t\t\t<\/div>\n\t\t<div class=\"elementor-element elementor-element-d28d65e e-flex e-con-boxed e-con e-parent\" data-id=\"d28d65e\" data-element_type=\"container\" data-e-type=\"container\">\n\t\t\t\t\t<div class=\"e-con-inner\">\n\t\t\t\t<div class=\"elementor-element elementor-element-f190fae elementor-widget elementor-widget-spacer\" data-id=\"f190fae\" data-element_type=\"widget\" data-e-type=\"widget\" data-widget_type=\"spacer.default\">\n\t\t\t\t<div class=\"elementor-widget-container\">\n\t\t\t\t\t\t\t<div class=\"elementor-spacer\">\n\t\t\t<div class=\"elementor-spacer-inner\"><\/div>\n\t\t<\/div>\n\t\t\t\t\t\t<\/div>\n\t\t\t\t<\/div>\n\t\t\t\t\t<\/div>\n\t\t\t\t<\/div>\n\t\t<div class=\"elementor-element elementor-element-6c6264d e-flex e-con-boxed e-con e-parent\" data-id=\"6c6264d\" data-element_type=\"container\" data-e-type=\"container\">\n\t\t\t\t\t<div class=\"e-con-inner\">\n\t\t\t\t\t<\/div>\n\t\t\t\t<\/div>\n\t\t\t\t<\/div>\n\t\t","protected":false},"excerpt":{"rendered":"<p>Somos Sentinel Si has llegado hasta aqu\u00ed es probable que sea porque te preguntes: \u00abVale, pero \u00bfde d\u00f3nde sale esta gente? Ok, os contamos Como suele pasar con todas estas cosas, Sentinel nace de la experiencia. De las malas experiencias, para ser exactos. 2018, uno de nuestros fundadores trabaja como Ayudante de Jefe de Obra [&hellip;]<\/p>\n","protected":false},"author":1,"featured_media":0,"parent":0,"menu_order":0,"comment_status":"closed","ping_status":"closed","template":"","meta":{"_mo_disable_npp":"","footnotes":""},"class_list":["post-2690","page","type-page","status-publish","hentry"],"_links":{"self":[{"href":"https:\/\/sentinelcms.com\/en\/wp-json\/wp\/v2\/pages\/2690","targetHints":{"allow":["GET"]}}],"collection":[{"href":"https:\/\/sentinelcms.com\/en\/wp-json\/wp\/v2\/pages"}],"about":[{"href":"https:\/\/sentinelcms.com\/en\/wp-json\/wp\/v2\/types\/page"}],"author":[{"embeddable":true,"href":"https:\/\/sentinelcms.com\/en\/wp-json\/wp\/v2\/users\/1"}],"replies":[{"embeddable":true,"href":"https:\/\/sentinelcms.com\/en\/wp-json\/wp\/v2\/comments?post=2690"}],"version-history":[{"count":29,"href":"https:\/\/sentinelcms.com\/en\/wp-json\/wp\/v2\/pages\/2690\/revisions"}],"predecessor-version":[{"id":2827,"href":"https:\/\/sentinelcms.com\/en\/wp-json\/wp\/v2\/pages\/2690\/revisions\/2827"}],"wp:attachment":[{"href":"https:\/\/sentinelcms.com\/en\/wp-json\/wp\/v2\/media?parent=2690"}],"curies":[{"name":"wp","href":"https:\/\/api.w.org\/{rel}","templated":true}]}}