{"id":2625,"date":"2024-02-25T20:43:36","date_gmt":"2024-02-25T19:43:36","guid":{"rendered":"https:\/\/sentinelcms.com\/?page_id=2625"},"modified":"2024-02-25T20:43:36","modified_gmt":"2024-02-25T19:43:36","slug":"privacy","status":"publish","type":"page","link":"https:\/\/sentinelcms.com\/en\/privacy\/","title":{"rendered":"Privacy Policy"},"content":{"rendered":"<div data-elementor-type=\"wp-page\" data-elementor-id=\"2625\" class=\"elementor elementor-2625\" data-elementor-post-type=\"page\">\n\t\t\t\t<div class=\"elementor-element elementor-element-f80a59d e-flex e-con-boxed e-con e-parent\" data-id=\"f80a59d\" data-element_type=\"container\" data-e-type=\"container\">\n\t\t\t\t\t<div class=\"e-con-inner\">\n\t\t\t\t<div class=\"elementor-element elementor-element-8798c12 elementor-widget elementor-widget-spacer\" data-id=\"8798c12\" data-element_type=\"widget\" data-e-type=\"widget\" data-widget_type=\"spacer.default\">\n\t\t\t\t<div class=\"elementor-widget-container\">\n\t\t\t\t\t\t\t<div class=\"elementor-spacer\">\n\t\t\t<div class=\"elementor-spacer-inner\"><\/div>\n\t\t<\/div>\n\t\t\t\t\t\t<\/div>\n\t\t\t\t<\/div>\n\t\t\t\t\t<\/div>\n\t\t\t\t<\/div>\n\t\t<div class=\"elementor-element elementor-element-f94eb1e e-flex e-con-boxed e-con e-parent\" data-id=\"f94eb1e\" data-element_type=\"container\" data-e-type=\"container\">\n\t\t\t\t\t<div class=\"e-con-inner\">\n\t\t\t\t<div class=\"elementor-element elementor-element-7f90b37 elementor-widget elementor-widget-heading\" data-id=\"7f90b37\" data-element_type=\"widget\" data-e-type=\"widget\" data-widget_type=\"heading.default\">\n\t\t\t\t<div class=\"elementor-widget-container\">\n\t\t\t\t\t<h2 class=\"elementor-heading-title elementor-size-default\">Privacy Policy<\/h2>\t\t\t\t<\/div>\n\t\t\t\t<\/div>\n\t\t\t\t\t<\/div>\n\t\t\t\t<\/div>\n\t\t<div class=\"elementor-element elementor-element-e7069b7 e-flex e-con-boxed e-con e-parent\" data-id=\"e7069b7\" data-element_type=\"container\" data-e-type=\"container\">\n\t\t\t\t\t<div class=\"e-con-inner\">\n\t\t\t\t<div class=\"elementor-element elementor-element-578b7ae elementor-widget elementor-widget-heading\" data-id=\"578b7ae\" data-element_type=\"widget\" data-e-type=\"widget\" data-widget_type=\"heading.default\">\n\t\t\t\t<div class=\"elementor-widget-container\">\n\t\t\t\t\t<p class=\"elementor-heading-title elementor-size-medium\">This Privacy Policy establishes the terms in which Sentinel CMS uses and protects the information provided by its users when using its website. We are committed to the security of our users' data, so when we ask you to fill in the fields of personal information by which you can be identified, we do so ensuring that it will only be used in accordance with the terms of this document. However, this Privacy Policy may change over time or be updated, so we recommend checking this page to ensure that you agree with any changes. We will notify you if there are significant changes to this privacy policy.<\/p>\t\t\t\t<\/div>\n\t\t\t\t<\/div>\n\t\t\t\t<div class=\"elementor-element elementor-element-bd0741c elementor-widget elementor-widget-heading\" data-id=\"bd0741c\" data-element_type=\"widget\" data-e-type=\"widget\" data-widget_type=\"heading.default\">\n\t\t\t\t<div class=\"elementor-widget-container\">\n\t\t\t\t\t<h3 class=\"elementor-heading-title elementor-size-default\">What information is collected?<\/h3>\t\t\t\t<\/div>\n\t\t\t\t<\/div>\n\t\t\t\t<div class=\"elementor-element elementor-element-572a7d4 elementor-widget elementor-widget-heading\" data-id=\"572a7d4\" data-element_type=\"widget\" data-e-type=\"widget\" data-widget_type=\"heading.default\">\n\t\t\t\t<div class=\"elementor-widget-container\">\n\t\t\t\t\t<p class=\"elementor-heading-title elementor-size-medium\">Our website may collect personal information such as name, contact information, and demographic information. Additionally, when necessary, specific information may be requested to process user registrations or billing.<\/p>\t\t\t\t<\/div>\n\t\t\t\t<\/div>\n\t\t\t\t<div class=\"elementor-element elementor-element-8907c7b elementor-widget elementor-widget-heading\" data-id=\"8907c7b\" data-element_type=\"widget\" data-e-type=\"widget\" data-widget_type=\"heading.default\">\n\t\t\t\t<div class=\"elementor-widget-container\">\n\t\t\t\t\t<h3 class=\"elementor-heading-title elementor-size-default\">How do we use the collected information?<\/h3>\t\t\t\t<\/div>\n\t\t\t\t<\/div>\n\t\t\t\t<div class=\"elementor-element elementor-element-dc63c48 elementor-widget elementor-widget-heading\" data-id=\"dc63c48\" data-element_type=\"widget\" data-e-type=\"widget\" data-widget_type=\"heading.default\">\n\t\t\t\t<div class=\"elementor-widget-container\">\n\t\t\t\t\t<p class=\"elementor-heading-title elementor-size-medium\">Our website uses the information to provide the best possible service, keep a record of users, and improve our products and services. We may periodically send emails with offers, new products, and other advertising information that we believe is relevant to you or can provide some benefit. These emails will be sent to the address you provide and can be unsubscribed at any time. No hard feelings.<\/p>\t\t\t\t<\/div>\n\t\t\t\t<\/div>\n\t\t\t\t<div class=\"elementor-element elementor-element-8a5180e elementor-widget elementor-widget-heading\" data-id=\"8a5180e\" data-element_type=\"widget\" data-e-type=\"widget\" data-widget_type=\"heading.default\">\n\t\t\t\t<div class=\"elementor-widget-container\">\n\t\t\t\t\t<p class=\"elementor-heading-title elementor-size-medium\">Sentinel CMS is highly committed to keeping your information secure. We use the best available systems and regularly update them to ensure there is no unauthorized access.<\/p>\t\t\t\t<\/div>\n\t\t\t\t<\/div>\n\t\t\t\t<div class=\"elementor-element elementor-element-f0029d1 elementor-widget elementor-widget-heading\" data-id=\"f0029d1\" data-element_type=\"widget\" data-e-type=\"widget\" data-widget_type=\"heading.default\">\n\t\t\t\t<div class=\"elementor-widget-container\">\n\t\t\t\t\t<h3 class=\"elementor-heading-title elementor-size-default\">Third-Party Links<\/h3>\t\t\t\t<\/div>\n\t\t\t\t<\/div>\n\t\t\t\t<div class=\"elementor-element elementor-element-5d3d5b7 elementor-widget elementor-widget-heading\" data-id=\"5d3d5b7\" data-element_type=\"widget\" data-e-type=\"widget\" data-widget_type=\"heading.default\">\n\t\t\t\t<div class=\"elementor-widget-container\">\n\t\t\t\t\t<p class=\"elementor-heading-title elementor-size-medium\">This website contains links to other sites that may be of interest to you, such as our social media profiles. Once you click on these links and leave our page, we no longer have control over the site to which you are redirected, and therefore, we are not responsible for the protection of your data on those other sites. They are subject to their own privacy policies, so it is advisable to check them to confirm that you agree with them.<\/p>\t\t\t\t<\/div>\n\t\t\t\t<\/div>\n\t\t\t\t<div class=\"elementor-element elementor-element-b50aa54 elementor-widget elementor-widget-heading\" data-id=\"b50aa54\" data-element_type=\"widget\" data-e-type=\"widget\" data-widget_type=\"heading.default\">\n\t\t\t\t<div class=\"elementor-widget-container\">\n\t\t\t\t\t<h3 class=\"elementor-heading-title elementor-size-default\">Control of your personal information<\/h3>\t\t\t\t<\/div>\n\t\t\t\t<\/div>\n\t\t\t\t<div class=\"elementor-element elementor-element-5e8cd71 elementor-widget elementor-widget-heading\" data-id=\"5e8cd71\" data-element_type=\"widget\" data-e-type=\"widget\" data-widget_type=\"heading.default\">\n\t\t\t\t<div class=\"elementor-widget-container\">\n\t\t\t\t\t<p class=\"elementor-heading-title elementor-size-medium\">You can restrict the collection or use of the personal information you provide to us at any time. You always have the choice of what information to provide and how we contact you. If you subscribe to our newsletters and feel that the information we send is not of interest to you, as mentioned above, you can unsubscribe at any time.<\/p>\t\t\t\t<\/div>\n\t\t\t\t<\/div>\n\t\t\t\t<div class=\"elementor-element elementor-element-c24addf elementor-widget elementor-widget-heading\" data-id=\"c24addf\" data-element_type=\"widget\" data-e-type=\"widget\" data-widget_type=\"heading.default\">\n\t\t\t\t<div class=\"elementor-widget-container\">\n\t\t\t\t\t<p class=\"elementor-heading-title elementor-size-medium\">This company will not sell, transfer, or distribute personal or corporate information collected without your consent, unless required by a judge with a court order. It is not our business model, nor do we intend it to be.<\/p>\t\t\t\t<\/div>\n\t\t\t\t<\/div>\n\t\t\t\t<div class=\"elementor-element elementor-element-846d236 elementor-widget elementor-widget-heading\" data-id=\"846d236\" data-element_type=\"widget\" data-e-type=\"widget\" data-widget_type=\"heading.default\">\n\t\t\t\t<div class=\"elementor-widget-container\">\n\t\t\t\t\t<p class=\"elementor-heading-title elementor-size-medium\">Sentinel CMS reserves the right to change the terms of this Privacy Policy at any time.<\/p>\t\t\t\t<\/div>\n\t\t\t\t<\/div>\n\t\t\t\t\t<\/div>\n\t\t\t\t<\/div>\n\t\t<div class=\"elementor-element elementor-element-88dedef e-flex e-con-boxed e-con e-parent\" data-id=\"88dedef\" data-element_type=\"container\" data-e-type=\"container\">\n\t\t\t\t\t<div class=\"e-con-inner\">\n\t\t\t\t<div class=\"elementor-element elementor-element-30835e4 elementor-widget elementor-widget-spacer\" data-id=\"30835e4\" data-element_type=\"widget\" data-e-type=\"widget\" data-widget_type=\"spacer.default\">\n\t\t\t\t<div class=\"elementor-widget-container\">\n\t\t\t\t\t\t\t<div class=\"elementor-spacer\">\n\t\t\t<div class=\"elementor-spacer-inner\"><\/div>\n\t\t<\/div>\n\t\t\t\t\t\t<\/div>\n\t\t\t\t<\/div>\n\t\t\t\t\t<\/div>\n\t\t\t\t<\/div>\n\t\t\t\t<\/div>","protected":false},"excerpt":{"rendered":"<p>Pol\u00edtica de privacidad La presente Pol\u00edtica de Privacidad establece los t\u00e9rminos en que Sentinel CMS usa y protege la informaci\u00f3n que es proporcionada por sus usuarios al momento de utilizar su sitio web. Estamos comprometidos con la seguridad de los datos de nuestros usuarios por lo que, cuando te pedimos rellenar los campos de informaci\u00f3n [&hellip;]<\/p>\n","protected":false},"author":1,"featured_media":0,"parent":0,"menu_order":0,"comment_status":"closed","ping_status":"closed","template":"","meta":{"_mo_disable_npp":"","footnotes":""},"class_list":["post-2625","page","type-page","status-publish","hentry"],"_links":{"self":[{"href":"https:\/\/sentinelcms.com\/en\/wp-json\/wp\/v2\/pages\/2625","targetHints":{"allow":["GET"]}}],"collection":[{"href":"https:\/\/sentinelcms.com\/en\/wp-json\/wp\/v2\/pages"}],"about":[{"href":"https:\/\/sentinelcms.com\/en\/wp-json\/wp\/v2\/types\/page"}],"author":[{"embeddable":true,"href":"https:\/\/sentinelcms.com\/en\/wp-json\/wp\/v2\/users\/1"}],"replies":[{"embeddable":true,"href":"https:\/\/sentinelcms.com\/en\/wp-json\/wp\/v2\/comments?post=2625"}],"version-history":[{"count":28,"href":"https:\/\/sentinelcms.com\/en\/wp-json\/wp\/v2\/pages\/2625\/revisions"}],"predecessor-version":[{"id":2679,"href":"https:\/\/sentinelcms.com\/en\/wp-json\/wp\/v2\/pages\/2625\/revisions\/2679"}],"wp:attachment":[{"href":"https:\/\/sentinelcms.com\/en\/wp-json\/wp\/v2\/media?parent=2625"}],"curies":[{"name":"wp","href":"https:\/\/api.w.org\/{rel}","templated":true}]}}